{"id":88,"date":"2024-05-15T13:51:17","date_gmt":"2024-05-15T16:51:17","guid":{"rendered":"https:\/\/silver-sea.com.ar\/?page_id=88"},"modified":"2024-06-07T13:20:52","modified_gmt":"2024-06-07T16:20:52","slug":"traducciones-publicas","status":"publish","type":"page","link":"https:\/\/silver-sea.com.ar\/en\/traducciones-publicas\/","title":{"rendered":"Certified Legal Translations"},"content":{"rendered":"\n<p><\/p>\n\n\n\n<div class=\"wp-block-columns is-layout-flex wp-container-core-columns-is-layout-9d6595d7 wp-block-columns-is-layout-flex\">\n<div class=\"wp-block-column is-layout-flow wp-block-column-is-layout-flow\">\n<i class=\"fa-solid fa-handshake w-100 fs-50\"><\/i>\n<br>\n\n\n\n<h4 class=\"wp-block-heading has-text-align-center\">Trusted National Provider<\/h4>\n\n\n\n<p>Silver Sea Translations is your trusted national provider of accurate and efficient certified legal translations in English and Spanish in Argentina. When you require swift turnaround without compromising quality, trust in Silver Sea&#8217;s expertise, speed, and cost-effectiveness.<\/p>\n<\/div>\n\n\n\n<div class=\"wp-block-column is-layout-flow wp-block-column-is-layout-flow\">\n<i class=\"fa-solid fa-crosshairs w-100 fs-50\"><\/i>\n<br>\n\n\n\n<h4 class=\"wp-block-heading has-text-align-center\">Precision and Accuracy<\/h4>\n\n\n\n<p>In legal matters, precision is paramount to safeguard lives, property, and freedom. Our legal experts employ a double-review method to ensure completely accurate translations of your vital documents, even those laden with complex technical or legal terminology.<\/p>\n<\/div>\n<\/div>\n\n\n\n<div class=\"wp-block-columns is-layout-flex wp-container-core-columns-is-layout-9d6595d7 wp-block-columns-is-layout-flex\">\n<div class=\"wp-block-column is-layout-flow wp-block-column-is-layout-flow\">\n<i class=\"fa-solid fa-clock w-100 fs-50\"><\/i>\n<br>\n\n\n\n<h4 class=\"wp-block-heading has-text-align-center\">Swift Turnaround<\/h4>\n\n\n\n<p>We understand the urgency of legal matters. With a pristine track record of meeting client timelines, most orders are completed within one day. Each translation undergoes meticulous proofreading by a legal translation expert. Additionally, our Urgent Translation Service guarantees same-day delivery when required.<\/p>\n<\/div>\n\n\n\n<div class=\"wp-block-column is-layout-flow wp-block-column-is-layout-flow\">\n<i class=\"fa-solid fa-scale-balanced w-100 fs-50\"><\/i>\n<br>\n\n\n\n<h4 class=\"wp-block-heading has-text-align-center\">Protecting Legal Integrity<\/h4>\n\n\n\n<p>In legal cases, the stakes are high. Even the slightest mistranslation in a legal document can have severe consequences, including lawsuits, unfavorable outcomes, or incarceration. Trust Silver Sea for your certified legal translation needs and avoid these grave mistakes.<\/p>\n<\/div>\n<\/div>\n\n\n\n<div class=\"wp-block-columns has-background is-layout-flex wp-container-core-columns-is-layout-9d6595d7 wp-block-columns-is-layout-flex\" style=\"background-color:#f8f2ed\">\n<div class=\"wp-block-column is-layout-flow wp-block-column-is-layout-flow\">\n<div class=\"wp-block-media-text is-stacked-on-mobile\"><figure class=\"wp-block-media-text__media\"><img loading=\"lazy\" decoding=\"async\" width=\"1024\" height=\"683\" src=\"https:\/\/silver-sea.com.ar\/wp-content\/uploads\/2024\/05\/2149117813-1024x683.jpg\" alt=\"\" class=\"wp-image-529 size-full\" srcset=\"https:\/\/silver-sea.com.ar\/wp-content\/uploads\/2024\/05\/2149117813-1024x683.jpg 1024w, https:\/\/silver-sea.com.ar\/wp-content\/uploads\/2024\/05\/2149117813-300x200.jpg 300w, https:\/\/silver-sea.com.ar\/wp-content\/uploads\/2024\/05\/2149117813-768x512.jpg 768w, https:\/\/silver-sea.com.ar\/wp-content\/uploads\/2024\/05\/2149117813-90x60.jpg 90w, https:\/\/silver-sea.com.ar\/wp-content\/uploads\/2024\/05\/2149117813.jpg 1500w\" sizes=\"auto, (max-width: 1024px) 100vw, 1024px\" \/><\/figure><div class=\"wp-block-media-text__content\">\n<p class=\"has-medium-font-size\"><strong><strong>Most Common Requests<\/strong><\/strong>:<\/p>\n\n\n\n<ul class=\"wp-block-list\">\n<li>Contracts<\/li>\n\n\n\n<li>Immigration Documents (USCIS)<\/li>\n\n\n\n<li>Articles of Incorporation<\/li>\n\n\n\n<li>Decrees<\/li>\n\n\n\n<li>Legal Certificates<\/li>\n\n\n\n<li>Land Titles<\/li>\n\n\n\n<li>Last Will and Testaments<\/li>\n\n\n\n<li>Among others&#8230;<\/li>\n<\/ul>\n<\/div><\/div>\n<\/div>\n<\/div>\n\n\n\n<p><\/p>\n","protected":false},"excerpt":{"rendered":"<p>Trusted National Provider Silver Sea Translations is your trusted national provider of accurate and efficient certified legal translations in English and Spanish in Argentina. When you require swift turnaround without compromising quality, trust in Silver Sea&#8217;s expertise, speed, and cost-effectiveness. Precision and Accuracy In legal matters, precision is paramount to safeguard lives, property, and freedom. &hellip; <\/p>\n","protected":false},"author":1,"featured_media":0,"parent":0,"menu_order":0,"comment_status":"closed","ping_status":"closed","template":"","meta":{"footnotes":""},"class_list":["post-88","page","type-page","status-publish","hentry","grid-sizer"],"yoast_head":"<!-- This site is optimized with the Yoast SEO plugin v27.4 - https:\/\/yoast.com\/product\/yoast-seo-wordpress\/ -->\n<title>Certified Legal Translations<\/title>\n<meta name=\"description\" content=\"Contratos, Documentos de inmigraci\u00f3n (USCIS), Estatutos sociales, Decretos, Certificados legales, T\u00edtulos de propiedad, \u00daltimas voluntades y testamentos. Conf\u00ede en Silver Sea para sus necesidades de traducci\u00f3n jur\u00eddica y evite estos graves errores.\" \/>\n<meta name=\"robots\" content=\"noindex, follow, max-snippet:-1, max-image-preview:large, max-video-preview:-1\" \/>\n<meta property=\"og:locale\" content=\"en_US\" \/>\n<meta property=\"og:locale:alternate\" content=\"es_AR\" \/>\n<meta property=\"og:type\" content=\"article\" \/>\n<meta property=\"og:title\" content=\"Certified Legal Translations\" \/>\n<meta property=\"og:description\" content=\"Contratos, Documentos de inmigraci\u00f3n (USCIS), Estatutos sociales, Decretos, Certificados legales, T\u00edtulos de propiedad, \u00daltimas voluntades y testamentos. Conf\u00ede en Silver Sea para sus necesidades de traducci\u00f3n jur\u00eddica y evite estos graves errores.\" \/>\n<meta property=\"og:url\" content=\"https:\/\/silver-sea.com.ar\/en\/traducciones-publicas\/\" \/>\n<meta property=\"og:site_name\" content=\"Silver Sea\" \/>\n<meta property=\"article:modified_time\" content=\"2024-06-07T16:20:52+00:00\" \/>\n<meta property=\"og:image\" content=\"https:\/\/silver-sea.com.ar\/wp-content\/uploads\/2024\/05\/2149117813-1024x683.jpg\" \/>\n<meta name=\"twitter:card\" content=\"summary_large_image\" \/>\n<meta name=\"twitter:label1\" content=\"Est. reading time\" \/>\n\t<meta name=\"twitter:data1\" content=\"2 minutes\" \/>\n<script type=\"application\/ld+json\" class=\"yoast-schema-graph\">{\"@context\":\"https:\\\/\\\/schema.org\",\"@graph\":[{\"@type\":\"WebPage\",\"@id\":\"https:\\\/\\\/silver-sea.com.ar\\\/traducciones-publicas\\\/\",\"url\":\"https:\\\/\\\/silver-sea.com.ar\\\/traducciones-publicas\\\/\",\"name\":\"Certified Legal Translations\",\"isPartOf\":{\"@id\":\"https:\\\/\\\/silver-sea.com.ar\\\/#website\"},\"primaryImageOfPage\":{\"@id\":\"https:\\\/\\\/silver-sea.com.ar\\\/traducciones-publicas\\\/#primaryimage\"},\"image\":{\"@id\":\"https:\\\/\\\/silver-sea.com.ar\\\/traducciones-publicas\\\/#primaryimage\"},\"thumbnailUrl\":\"https:\\\/\\\/silver-sea.com.ar\\\/wp-content\\\/uploads\\\/2024\\\/05\\\/2149117813-1024x683.jpg\",\"datePublished\":\"2024-05-15T16:51:17+00:00\",\"dateModified\":\"2024-06-07T16:20:52+00:00\",\"description\":\"Contratos, Documentos de inmigraci\u00f3n (USCIS), Estatutos sociales, Decretos, Certificados legales, T\u00edtulos de propiedad, \u00daltimas voluntades y testamentos. Conf\u00ede en Silver Sea para sus necesidades de traducci\u00f3n jur\u00eddica y evite estos graves errores.\",\"breadcrumb\":{\"@id\":\"https:\\\/\\\/silver-sea.com.ar\\\/traducciones-publicas\\\/#breadcrumb\"},\"inLanguage\":\"en-US\",\"potentialAction\":[{\"@type\":\"ReadAction\",\"target\":[\"https:\\\/\\\/silver-sea.com.ar\\\/traducciones-publicas\\\/\"]}]},{\"@type\":\"ImageObject\",\"inLanguage\":\"en-US\",\"@id\":\"https:\\\/\\\/silver-sea.com.ar\\\/traducciones-publicas\\\/#primaryimage\",\"url\":\"https:\\\/\\\/silver-sea.com.ar\\\/wp-content\\\/uploads\\\/2024\\\/05\\\/2149117813-1024x683.jpg\",\"contentUrl\":\"https:\\\/\\\/silver-sea.com.ar\\\/wp-content\\\/uploads\\\/2024\\\/05\\\/2149117813-1024x683.jpg\"},{\"@type\":\"BreadcrumbList\",\"@id\":\"https:\\\/\\\/silver-sea.com.ar\\\/traducciones-publicas\\\/#breadcrumb\",\"itemListElement\":[{\"@type\":\"ListItem\",\"position\":1,\"name\":\"Inicio\",\"item\":\"https:\\\/\\\/silver-sea.com.ar\\\/\"},{\"@type\":\"ListItem\",\"position\":2,\"name\":\"Traducciones P\u00fablicas\"}]},{\"@type\":\"WebSite\",\"@id\":\"https:\\\/\\\/silver-sea.com.ar\\\/#website\",\"url\":\"https:\\\/\\\/silver-sea.com.ar\\\/\",\"name\":\"Silver Sea\",\"description\":\"Translation Services\",\"publisher\":{\"@id\":\"https:\\\/\\\/silver-sea.com.ar\\\/#\\\/schema\\\/person\\\/d4bc60b21d4cdadbd6e71280c7c81958\"},\"potentialAction\":[{\"@type\":\"SearchAction\",\"target\":{\"@type\":\"EntryPoint\",\"urlTemplate\":\"https:\\\/\\\/silver-sea.com.ar\\\/?s={search_term_string}\"},\"query-input\":{\"@type\":\"PropertyValueSpecification\",\"valueRequired\":true,\"valueName\":\"search_term_string\"}}],\"inLanguage\":\"en-US\"},{\"@type\":[\"Person\",\"Organization\"],\"@id\":\"https:\\\/\\\/silver-sea.com.ar\\\/#\\\/schema\\\/person\\\/d4bc60b21d4cdadbd6e71280c7c81958\",\"name\":\"admin\",\"image\":{\"@type\":\"ImageObject\",\"inLanguage\":\"en-US\",\"@id\":\"https:\\\/\\\/silver-sea.com.ar\\\/wp-content\\\/uploads\\\/2024\\\/05\\\/es-logo.png\",\"url\":\"https:\\\/\\\/silver-sea.com.ar\\\/wp-content\\\/uploads\\\/2024\\\/05\\\/es-logo.png\",\"contentUrl\":\"https:\\\/\\\/silver-sea.com.ar\\\/wp-content\\\/uploads\\\/2024\\\/05\\\/es-logo.png\",\"width\":1280,\"height\":474,\"caption\":\"admin\"},\"logo\":{\"@id\":\"https:\\\/\\\/silver-sea.com.ar\\\/wp-content\\\/uploads\\\/2024\\\/05\\\/es-logo.png\"},\"sameAs\":[\"https:\\\/\\\/silver-sea.com.ar\"]}]}<\/script>\n<!-- \/ Yoast SEO plugin. -->","yoast_head_json":{"title":"Certified Legal Translations","description":"Contratos, Documentos de inmigraci\u00f3n (USCIS), Estatutos sociales, Decretos, Certificados legales, T\u00edtulos de propiedad, \u00daltimas voluntades y testamentos. Conf\u00ede en Silver Sea para sus necesidades de traducci\u00f3n jur\u00eddica y evite estos graves errores.","robots":{"index":"noindex","follow":"follow","max-snippet":"max-snippet:-1","max-image-preview":"max-image-preview:large","max-video-preview":"max-video-preview:-1"},"og_locale":"en_US","og_type":"article","og_title":"[:es]Traducciones P\u00fablicas[:en]Certified Legal Translations[:] - Silver Sea","og_description":"[:es]Contratos, Documentos de inmigraci\u00f3n (USCIS), Estatutos sociales, Sentencias y resoluciones judiciales, Certificados legales, T\u00edtulos de propiedad, \u00daltimas voluntades y testamentos. Conf\u00ede en Silver Sea para sus necesidades de traducci\u00f3n jur\u00eddica y evite estos graves errores.[:en]Contratos, Documentos de inmigraci\u00f3n (USCIS), Estatutos sociales, Decretos, Certificados legales, T\u00edtulos de propiedad, \u00daltimas voluntades y testamentos. Conf\u00ede en Silver Sea para sus necesidades de traducci\u00f3n jur\u00eddica y evite estos graves errores.[:]","og_url":"https:\/\/silver-sea.com.ar\/en\/traducciones-publicas\/","og_site_name":"Silver Sea","article_modified_time":"2024-06-07T16:20:52+00:00","og_image":[{"url":"https:\/\/silver-sea.com.ar\/wp-content\/uploads\/2024\/05\/2149117813-1024x683.jpg","type":"","width":"","height":""}],"twitter_card":"summary_large_image","twitter_misc":{"Est. reading time":"2 minutes"},"schema":{"@context":"https:\/\/schema.org","@graph":[{"@type":"WebPage","@id":"https:\/\/silver-sea.com.ar\/traducciones-publicas\/","url":"https:\/\/silver-sea.com.ar\/traducciones-publicas\/","name":"Certified Legal Translations","isPartOf":{"@id":"https:\/\/silver-sea.com.ar\/#website"},"primaryImageOfPage":{"@id":"https:\/\/silver-sea.com.ar\/traducciones-publicas\/#primaryimage"},"image":{"@id":"https:\/\/silver-sea.com.ar\/traducciones-publicas\/#primaryimage"},"thumbnailUrl":"https:\/\/silver-sea.com.ar\/wp-content\/uploads\/2024\/05\/2149117813-1024x683.jpg","datePublished":"2024-05-15T16:51:17+00:00","dateModified":"2024-06-07T16:20:52+00:00","description":"Contratos, Documentos de inmigraci\u00f3n (USCIS), Estatutos sociales, Decretos, Certificados legales, T\u00edtulos de propiedad, \u00daltimas voluntades y testamentos. Conf\u00ede en Silver Sea para sus necesidades de traducci\u00f3n jur\u00eddica y evite estos graves errores.","breadcrumb":{"@id":"https:\/\/silver-sea.com.ar\/traducciones-publicas\/#breadcrumb"},"inLanguage":"en-US","potentialAction":[{"@type":"ReadAction","target":["https:\/\/silver-sea.com.ar\/traducciones-publicas\/"]}]},{"@type":"ImageObject","inLanguage":"en-US","@id":"https:\/\/silver-sea.com.ar\/traducciones-publicas\/#primaryimage","url":"https:\/\/silver-sea.com.ar\/wp-content\/uploads\/2024\/05\/2149117813-1024x683.jpg","contentUrl":"https:\/\/silver-sea.com.ar\/wp-content\/uploads\/2024\/05\/2149117813-1024x683.jpg"},{"@type":"BreadcrumbList","@id":"https:\/\/silver-sea.com.ar\/traducciones-publicas\/#breadcrumb","itemListElement":[{"@type":"ListItem","position":1,"name":"Inicio","item":"https:\/\/silver-sea.com.ar\/"},{"@type":"ListItem","position":2,"name":"Traducciones P\u00fablicas"}]},{"@type":"WebSite","@id":"https:\/\/silver-sea.com.ar\/#website","url":"https:\/\/silver-sea.com.ar\/","name":"Silver Sea","description":"Translation Services","publisher":{"@id":"https:\/\/silver-sea.com.ar\/#\/schema\/person\/d4bc60b21d4cdadbd6e71280c7c81958"},"potentialAction":[{"@type":"SearchAction","target":{"@type":"EntryPoint","urlTemplate":"https:\/\/silver-sea.com.ar\/?s={search_term_string}"},"query-input":{"@type":"PropertyValueSpecification","valueRequired":true,"valueName":"search_term_string"}}],"inLanguage":"en-US"},{"@type":["Person","Organization"],"@id":"https:\/\/silver-sea.com.ar\/#\/schema\/person\/d4bc60b21d4cdadbd6e71280c7c81958","name":"admin","image":{"@type":"ImageObject","inLanguage":"en-US","@id":"https:\/\/silver-sea.com.ar\/wp-content\/uploads\/2024\/05\/es-logo.png","url":"https:\/\/silver-sea.com.ar\/wp-content\/uploads\/2024\/05\/es-logo.png","contentUrl":"https:\/\/silver-sea.com.ar\/wp-content\/uploads\/2024\/05\/es-logo.png","width":1280,"height":474,"caption":"admin"},"logo":{"@id":"https:\/\/silver-sea.com.ar\/wp-content\/uploads\/2024\/05\/es-logo.png"},"sameAs":["https:\/\/silver-sea.com.ar"]}]}},"_links":{"self":[{"href":"https:\/\/silver-sea.com.ar\/en\/wp-json\/wp\/v2\/pages\/88","targetHints":{"allow":["GET"]}}],"collection":[{"href":"https:\/\/silver-sea.com.ar\/en\/wp-json\/wp\/v2\/pages"}],"about":[{"href":"https:\/\/silver-sea.com.ar\/en\/wp-json\/wp\/v2\/types\/page"}],"author":[{"embeddable":true,"href":"https:\/\/silver-sea.com.ar\/en\/wp-json\/wp\/v2\/users\/1"}],"replies":[{"embeddable":true,"href":"https:\/\/silver-sea.com.ar\/en\/wp-json\/wp\/v2\/comments?post=88"}],"version-history":[{"count":42,"href":"https:\/\/silver-sea.com.ar\/en\/wp-json\/wp\/v2\/pages\/88\/revisions"}],"predecessor-version":[{"id":738,"href":"https:\/\/silver-sea.com.ar\/en\/wp-json\/wp\/v2\/pages\/88\/revisions\/738"}],"wp:attachment":[{"href":"https:\/\/silver-sea.com.ar\/en\/wp-json\/wp\/v2\/media?parent=88"}],"curies":[{"name":"wp","href":"https:\/\/api.w.org\/{rel}","templated":true}]}}