{"id":86,"date":"2024-05-15T13:51:00","date_gmt":"2024-05-15T16:51:00","guid":{"rendered":"https:\/\/silver-sea.com.ar\/?page_id=86"},"modified":"2024-06-17T20:50:00","modified_gmt":"2024-06-17T23:50:00","slug":"traduccion-para-empresas","status":"publish","type":"page","link":"https:\/\/silver-sea.com.ar\/en\/traduccion-para-empresas\/","title":{"rendered":"Business Translations"},"content":{"rendered":"\n<p><\/p>\n\n\n\n<div class=\"wp-block-columns is-layout-flex wp-container-core-columns-is-layout-9d6595d7 wp-block-columns-is-layout-flex\">\n<div class=\"wp-block-column is-layout-flow wp-block-column-is-layout-flow\">\n<i class=\"fa-solid fa-puzzle-piece w-100 fs-50\"><\/i>\n<br>\n\n\n\n<h4 class=\"wp-block-heading has-text-align-center\">Tailored Solutions<\/h4>\n\n\n\n<p>At Silver Sea, we prioritize understanding your firm or business to ensure we deliver professional-grade document translation services that effectively communicate with your intended audience.<\/p>\n<\/div>\n\n\n\n<div class=\"wp-block-column is-layout-flow wp-block-column-is-layout-flow\">\n<i class=\"fa-solid fa-clock w-100 fs-50\"><\/i>\n<br>\n\n\n\n<h4 class=\"wp-block-heading has-text-align-center\">Swift Turnaround<\/h4>\n\n\n\n<p>We understand the pace of business. That&#8217;s why Silver Sea delivers most translations within 24 hours, complete with proofreading and revision at no extra cost. For organizations in need of immediate service, we offer a guaranteed same-day document translation option.<\/p>\n<\/div>\n<\/div>\n\n\n\n<div class=\"wp-block-columns is-layout-flex wp-container-core-columns-is-layout-9d6595d7 wp-block-columns-is-layout-flex\">\n<div class=\"wp-block-column is-layout-flow wp-block-column-is-layout-flow\">\n<i class=\"fa-solid fa-user-lock w-100 fs-50\"><\/i>\n<br>\n\n\n\n<h4 class=\"wp-block-heading has-text-align-center\">Maximum Security<\/h4>\n\n\n\n<p>Rest assured, your documents and private information are treated with the utmost confidentiality at Silver Sea. We welcome non-disclosure agreements to further safeguard your sensitive data.\u00a0<\/p>\n<\/div>\n\n\n\n<div class=\"wp-block-column is-layout-flow wp-block-column-is-layout-flow\">\n<i class=\"fa-solid fa-hand-holding-dollar w-100 fs-50\"><\/i>\n<br>\n\n\n\n<h4 class=\"wp-block-heading has-text-align-center\">Cost-Efficiency<\/h4>\n\n\n\n<p>We believe in providing value to our clients. Silver Sea offers competitive pricing and a price match guarantee. Additionally, clients opening a translation account with us can benefit from exclusive pricing, ensuring cost-effective solutions for all their translation needs.<\/p>\n<\/div>\n<\/div>\n\n\n\n<div class=\"wp-block-columns has-background is-layout-flex wp-container-core-columns-is-layout-9d6595d7 wp-block-columns-is-layout-flex\" style=\"background-color:#f8f2ed\">\n<div class=\"wp-block-column is-layout-flow wp-block-column-is-layout-flow\">\n<div class=\"wp-block-media-text is-stacked-on-mobile\"><figure class=\"wp-block-media-text__media\"><img loading=\"lazy\" decoding=\"async\" width=\"1024\" height=\"683\" src=\"https:\/\/silver-sea.com.ar\/wp-content\/uploads\/2024\/05\/high-angle-company-strategy-plan-1024x683.jpg\" alt=\"\" class=\"wp-image-551 size-full\" srcset=\"https:\/\/silver-sea.com.ar\/wp-content\/uploads\/2024\/05\/high-angle-company-strategy-plan-1024x683.jpg 1024w, https:\/\/silver-sea.com.ar\/wp-content\/uploads\/2024\/05\/high-angle-company-strategy-plan-300x200.jpg 300w, https:\/\/silver-sea.com.ar\/wp-content\/uploads\/2024\/05\/high-angle-company-strategy-plan-768x512.jpg 768w, https:\/\/silver-sea.com.ar\/wp-content\/uploads\/2024\/05\/high-angle-company-strategy-plan-1536x1024.jpg 1536w, https:\/\/silver-sea.com.ar\/wp-content\/uploads\/2024\/05\/high-angle-company-strategy-plan-2048x1365.jpg 2048w, https:\/\/silver-sea.com.ar\/wp-content\/uploads\/2024\/05\/high-angle-company-strategy-plan-90x60.jpg 90w\" sizes=\"auto, (max-width: 1024px) 100vw, 1024px\" \/><\/figure><div class=\"wp-block-media-text__content\">\n<p class=\"has-medium-font-size\"><strong><strong>Most Common Requests<\/strong>:<\/strong><\/p>\n\n\n\n<ul class=\"wp-block-list\">\n<li>Employee Manuals and Human Resources Documents<\/li>\n\n\n\n<li>Product Descriptions<\/li>\n\n\n\n<li>Financial Statements and Balance Sheets<\/li>\n\n\n\n<li>PDF document translation<\/li>\n\n\n\n<li>Advertising and Marketing Materials<\/li>\n\n\n\n<li>Legal Contracts<\/li>\n\n\n\n<li>USCIS Certified Translations<\/li>\n\n\n\n<li>Among Others&#8230;<\/li>\n<\/ul>\n<\/div><\/div>\n<\/div>\n<\/div>\n","protected":false},"excerpt":{"rendered":"<p>Tailored Solutions At Silver Sea, we prioritize understanding your firm or business to ensure we deliver professional-grade document translation services that effectively communicate with your intended audience. Swift Turnaround We understand the pace of business. That&#8217;s why Silver Sea delivers most translations within 24 hours, complete with proofreading and revision at no extra cost. For &hellip; <\/p>\n","protected":false},"author":1,"featured_media":0,"parent":0,"menu_order":0,"comment_status":"closed","ping_status":"closed","template":"","meta":{"footnotes":""},"class_list":["post-86","page","type-page","status-publish","hentry","grid-sizer"],"yoast_head":"<!-- This site is optimized with the Yoast SEO plugin v27.4 - https:\/\/yoast.com\/product\/yoast-seo-wordpress\/ -->\n<title>Business Translations<\/title>\n<meta name=\"description\" content=\"En Silver Sea, damos prioridad a la comprensi\u00f3n de su empresa o negocio para asegurarnos de ofrecer servicios de traducci\u00f3n de documentos de calidad profesional que comuniquen eficazmente con su p\u00fablico. Comprendemos el ritmo de los negocios. Por eso se entregan la mayor\u00eda de las traducciones en 24 horas, con correcci\u00f3n y revisi\u00f3n sin costo adicional. Manuales del empleado y documentos de Recursos Humanos, Descripciones de productos, Estados financieros y balances, Traducci\u00f3n de documentos PDF, Material publicitario y de marketing, Contratos legales, Traducciones certificadas, etc.\" \/>\n<meta name=\"robots\" content=\"noindex, follow, max-snippet:-1, max-image-preview:large, max-video-preview:-1\" \/>\n<meta property=\"og:locale\" content=\"en_US\" \/>\n<meta property=\"og:locale:alternate\" content=\"es_AR\" \/>\n<meta property=\"og:type\" content=\"article\" \/>\n<meta property=\"og:title\" content=\"Business Translations\" \/>\n<meta property=\"og:description\" content=\"En Silver Sea, damos prioridad a la comprensi\u00f3n de su empresa o negocio para asegurarnos de ofrecer servicios de traducci\u00f3n de documentos de calidad profesional que comuniquen eficazmente con su p\u00fablico. Comprendemos el ritmo de los negocios. Por eso se entregan la mayor\u00eda de las traducciones en 24 horas, con correcci\u00f3n y revisi\u00f3n sin costo adicional. Manuales del empleado y documentos de Recursos Humanos, Descripciones de productos, Estados financieros y balances, Traducci\u00f3n de documentos PDF, Material publicitario y de marketing, Contratos legales, Traducciones certificadas, etc.\" \/>\n<meta property=\"og:url\" content=\"https:\/\/silver-sea.com.ar\/en\/traduccion-para-empresas\/\" \/>\n<meta property=\"og:site_name\" content=\"Silver Sea\" \/>\n<meta property=\"article:modified_time\" content=\"2024-06-17T23:50:00+00:00\" \/>\n<meta property=\"og:image\" content=\"https:\/\/silver-sea.com.ar\/wp-content\/uploads\/2024\/05\/high-angle-company-strategy-plan-1024x683.jpg\" \/>\n<meta name=\"twitter:card\" content=\"summary_large_image\" \/>\n<meta name=\"twitter:label1\" content=\"Est. reading time\" \/>\n\t<meta name=\"twitter:data1\" content=\"1 minute\" \/>\n<script type=\"application\/ld+json\" class=\"yoast-schema-graph\">{\"@context\":\"https:\\\/\\\/schema.org\",\"@graph\":[{\"@type\":\"WebPage\",\"@id\":\"https:\\\/\\\/silver-sea.com.ar\\\/en\\\/traduccion-para-empresas\\\/\",\"url\":\"https:\\\/\\\/silver-sea.com.ar\\\/en\\\/traduccion-para-empresas\\\/\",\"name\":\"Business Translations\",\"isPartOf\":{\"@id\":\"https:\\\/\\\/silver-sea.com.ar\\\/#website\"},\"primaryImageOfPage\":{\"@id\":\"https:\\\/\\\/silver-sea.com.ar\\\/en\\\/traduccion-para-empresas\\\/#primaryimage\"},\"image\":{\"@id\":\"https:\\\/\\\/silver-sea.com.ar\\\/en\\\/traduccion-para-empresas\\\/#primaryimage\"},\"thumbnailUrl\":\"https:\\\/\\\/silver-sea.com.ar\\\/wp-content\\\/uploads\\\/2024\\\/05\\\/high-angle-company-strategy-plan-1024x683.jpg\",\"datePublished\":\"2024-05-15T16:51:00+00:00\",\"dateModified\":\"2024-06-17T23:50:00+00:00\",\"description\":\"En Silver Sea, damos prioridad a la comprensi\u00f3n de su empresa o negocio para asegurarnos de ofrecer servicios de traducci\u00f3n de documentos de calidad profesional que comuniquen eficazmente con su p\u00fablico. Comprendemos el ritmo de los negocios. Por eso se entregan la mayor\u00eda de las traducciones en 24 horas, con correcci\u00f3n y revisi\u00f3n sin costo adicional. Manuales del empleado y documentos de Recursos Humanos, Descripciones de productos, Estados financieros y balances, Traducci\u00f3n de documentos PDF, Material publicitario y de marketing, Contratos legales, Traducciones certificadas, etc.\",\"breadcrumb\":{\"@id\":\"https:\\\/\\\/silver-sea.com.ar\\\/en\\\/traduccion-para-empresas\\\/#breadcrumb\"},\"inLanguage\":\"en-US\",\"potentialAction\":[{\"@type\":\"ReadAction\",\"target\":[\"https:\\\/\\\/silver-sea.com.ar\\\/en\\\/traduccion-para-empresas\\\/\"]}]},{\"@type\":\"ImageObject\",\"inLanguage\":\"en-US\",\"@id\":\"https:\\\/\\\/silver-sea.com.ar\\\/en\\\/traduccion-para-empresas\\\/#primaryimage\",\"url\":\"https:\\\/\\\/silver-sea.com.ar\\\/wp-content\\\/uploads\\\/2024\\\/05\\\/high-angle-company-strategy-plan-1024x683.jpg\",\"contentUrl\":\"https:\\\/\\\/silver-sea.com.ar\\\/wp-content\\\/uploads\\\/2024\\\/05\\\/high-angle-company-strategy-plan-1024x683.jpg\"},{\"@type\":\"BreadcrumbList\",\"@id\":\"https:\\\/\\\/silver-sea.com.ar\\\/en\\\/traduccion-para-empresas\\\/#breadcrumb\",\"itemListElement\":[{\"@type\":\"ListItem\",\"position\":1,\"name\":\"Inicio\",\"item\":\"https:\\\/\\\/silver-sea.com.ar\\\/\"},{\"@type\":\"ListItem\",\"position\":2,\"name\":\"Business Translations\"}]},{\"@type\":\"WebSite\",\"@id\":\"https:\\\/\\\/silver-sea.com.ar\\\/#website\",\"url\":\"https:\\\/\\\/silver-sea.com.ar\\\/\",\"name\":\"Silver Sea\",\"description\":\"Translation Services\",\"publisher\":{\"@id\":\"https:\\\/\\\/silver-sea.com.ar\\\/#\\\/schema\\\/person\\\/d4bc60b21d4cdadbd6e71280c7c81958\"},\"potentialAction\":[{\"@type\":\"SearchAction\",\"target\":{\"@type\":\"EntryPoint\",\"urlTemplate\":\"https:\\\/\\\/silver-sea.com.ar\\\/?s={search_term_string}\"},\"query-input\":{\"@type\":\"PropertyValueSpecification\",\"valueRequired\":true,\"valueName\":\"search_term_string\"}}],\"inLanguage\":\"en-US\"},{\"@type\":[\"Person\",\"Organization\"],\"@id\":\"https:\\\/\\\/silver-sea.com.ar\\\/#\\\/schema\\\/person\\\/d4bc60b21d4cdadbd6e71280c7c81958\",\"name\":\"admin\",\"image\":{\"@type\":\"ImageObject\",\"inLanguage\":\"en-US\",\"@id\":\"https:\\\/\\\/silver-sea.com.ar\\\/wp-content\\\/uploads\\\/2024\\\/05\\\/es-logo.png\",\"url\":\"https:\\\/\\\/silver-sea.com.ar\\\/wp-content\\\/uploads\\\/2024\\\/05\\\/es-logo.png\",\"contentUrl\":\"https:\\\/\\\/silver-sea.com.ar\\\/wp-content\\\/uploads\\\/2024\\\/05\\\/es-logo.png\",\"width\":1280,\"height\":474,\"caption\":\"admin\"},\"logo\":{\"@id\":\"https:\\\/\\\/silver-sea.com.ar\\\/wp-content\\\/uploads\\\/2024\\\/05\\\/es-logo.png\"},\"sameAs\":[\"https:\\\/\\\/silver-sea.com.ar\"]}]}<\/script>\n<!-- \/ Yoast SEO plugin. -->","yoast_head_json":{"title":"Business Translations","description":"En Silver Sea, damos prioridad a la comprensi\u00f3n de su empresa o negocio para asegurarnos de ofrecer servicios de traducci\u00f3n de documentos de calidad profesional que comuniquen eficazmente con su p\u00fablico. Comprendemos el ritmo de los negocios. Por eso se entregan la mayor\u00eda de las traducciones en 24 horas, con correcci\u00f3n y revisi\u00f3n sin costo adicional. Manuales del empleado y documentos de Recursos Humanos, Descripciones de productos, Estados financieros y balances, Traducci\u00f3n de documentos PDF, Material publicitario y de marketing, Contratos legales, Traducciones certificadas, etc.","robots":{"index":"noindex","follow":"follow","max-snippet":"max-snippet:-1","max-image-preview":"max-image-preview:large","max-video-preview":"max-video-preview:-1"},"og_locale":"en_US","og_type":"article","og_title":"[:es]Traducci\u00f3n para empresas[:en]Business Translations[:] - Silver Sea","og_description":"[:es]En Silver Sea, damos prioridad a la comprensi\u00f3n de su empresa o negocio para asegurarnos de ofrecer servicios de traducci\u00f3n de documentos de calidad profesional que comuniquen eficazmente con su p\u00fablico. Comprendemos el ritmo de los negocios. Por eso se entregan la mayor\u00eda de las traducciones en 24 horas, con correcci\u00f3n y revisi\u00f3n sin costo adicional. Manuales del empleado y documentos de Recursos Humanos, Descripciones de productos, Estados financieros y balances, Traducci\u00f3n de documentos PDF, Material publicitario y de marketing, Contratos legales, Traducciones certificadas, etc.[:]","og_url":"https:\/\/silver-sea.com.ar\/en\/traduccion-para-empresas\/","og_site_name":"Silver Sea","article_modified_time":"2024-06-17T23:50:00+00:00","og_image":[{"url":"https:\/\/silver-sea.com.ar\/wp-content\/uploads\/2024\/05\/high-angle-company-strategy-plan-1024x683.jpg","type":"","width":"","height":""}],"twitter_card":"summary_large_image","twitter_misc":{"Est. reading time":"1 minute"},"schema":{"@context":"https:\/\/schema.org","@graph":[{"@type":"WebPage","@id":"https:\/\/silver-sea.com.ar\/en\/traduccion-para-empresas\/","url":"https:\/\/silver-sea.com.ar\/en\/traduccion-para-empresas\/","name":"Business Translations","isPartOf":{"@id":"https:\/\/silver-sea.com.ar\/#website"},"primaryImageOfPage":{"@id":"https:\/\/silver-sea.com.ar\/en\/traduccion-para-empresas\/#primaryimage"},"image":{"@id":"https:\/\/silver-sea.com.ar\/en\/traduccion-para-empresas\/#primaryimage"},"thumbnailUrl":"https:\/\/silver-sea.com.ar\/wp-content\/uploads\/2024\/05\/high-angle-company-strategy-plan-1024x683.jpg","datePublished":"2024-05-15T16:51:00+00:00","dateModified":"2024-06-17T23:50:00+00:00","description":"En Silver Sea, damos prioridad a la comprensi\u00f3n de su empresa o negocio para asegurarnos de ofrecer servicios de traducci\u00f3n de documentos de calidad profesional que comuniquen eficazmente con su p\u00fablico. Comprendemos el ritmo de los negocios. Por eso se entregan la mayor\u00eda de las traducciones en 24 horas, con correcci\u00f3n y revisi\u00f3n sin costo adicional. Manuales del empleado y documentos de Recursos Humanos, Descripciones de productos, Estados financieros y balances, Traducci\u00f3n de documentos PDF, Material publicitario y de marketing, Contratos legales, Traducciones certificadas, etc.","breadcrumb":{"@id":"https:\/\/silver-sea.com.ar\/en\/traduccion-para-empresas\/#breadcrumb"},"inLanguage":"en-US","potentialAction":[{"@type":"ReadAction","target":["https:\/\/silver-sea.com.ar\/en\/traduccion-para-empresas\/"]}]},{"@type":"ImageObject","inLanguage":"en-US","@id":"https:\/\/silver-sea.com.ar\/en\/traduccion-para-empresas\/#primaryimage","url":"https:\/\/silver-sea.com.ar\/wp-content\/uploads\/2024\/05\/high-angle-company-strategy-plan-1024x683.jpg","contentUrl":"https:\/\/silver-sea.com.ar\/wp-content\/uploads\/2024\/05\/high-angle-company-strategy-plan-1024x683.jpg"},{"@type":"BreadcrumbList","@id":"https:\/\/silver-sea.com.ar\/en\/traduccion-para-empresas\/#breadcrumb","itemListElement":[{"@type":"ListItem","position":1,"name":"Inicio","item":"https:\/\/silver-sea.com.ar\/"},{"@type":"ListItem","position":2,"name":"Business Translations"}]},{"@type":"WebSite","@id":"https:\/\/silver-sea.com.ar\/#website","url":"https:\/\/silver-sea.com.ar\/","name":"Silver Sea","description":"Translation Services","publisher":{"@id":"https:\/\/silver-sea.com.ar\/#\/schema\/person\/d4bc60b21d4cdadbd6e71280c7c81958"},"potentialAction":[{"@type":"SearchAction","target":{"@type":"EntryPoint","urlTemplate":"https:\/\/silver-sea.com.ar\/?s={search_term_string}"},"query-input":{"@type":"PropertyValueSpecification","valueRequired":true,"valueName":"search_term_string"}}],"inLanguage":"en-US"},{"@type":["Person","Organization"],"@id":"https:\/\/silver-sea.com.ar\/#\/schema\/person\/d4bc60b21d4cdadbd6e71280c7c81958","name":"admin","image":{"@type":"ImageObject","inLanguage":"en-US","@id":"https:\/\/silver-sea.com.ar\/wp-content\/uploads\/2024\/05\/es-logo.png","url":"https:\/\/silver-sea.com.ar\/wp-content\/uploads\/2024\/05\/es-logo.png","contentUrl":"https:\/\/silver-sea.com.ar\/wp-content\/uploads\/2024\/05\/es-logo.png","width":1280,"height":474,"caption":"admin"},"logo":{"@id":"https:\/\/silver-sea.com.ar\/wp-content\/uploads\/2024\/05\/es-logo.png"},"sameAs":["https:\/\/silver-sea.com.ar"]}]}},"_links":{"self":[{"href":"https:\/\/silver-sea.com.ar\/en\/wp-json\/wp\/v2\/pages\/86","targetHints":{"allow":["GET"]}}],"collection":[{"href":"https:\/\/silver-sea.com.ar\/en\/wp-json\/wp\/v2\/pages"}],"about":[{"href":"https:\/\/silver-sea.com.ar\/en\/wp-json\/wp\/v2\/types\/page"}],"author":[{"embeddable":true,"href":"https:\/\/silver-sea.com.ar\/en\/wp-json\/wp\/v2\/users\/1"}],"replies":[{"embeddable":true,"href":"https:\/\/silver-sea.com.ar\/en\/wp-json\/wp\/v2\/comments?post=86"}],"version-history":[{"count":52,"href":"https:\/\/silver-sea.com.ar\/en\/wp-json\/wp\/v2\/pages\/86\/revisions"}],"predecessor-version":[{"id":813,"href":"https:\/\/silver-sea.com.ar\/en\/wp-json\/wp\/v2\/pages\/86\/revisions\/813"}],"wp:attachment":[{"href":"https:\/\/silver-sea.com.ar\/en\/wp-json\/wp\/v2\/media?parent=86"}],"curies":[{"name":"wp","href":"https:\/\/api.w.org\/{rel}","templated":true}]}}