{"id":13,"date":"2024-04-24T15:57:40","date_gmt":"2024-04-24T18:57:40","guid":{"rendered":"https:\/\/silver-sea.com.ar\/?page_id=13"},"modified":"2024-05-29T15:59:23","modified_gmt":"2024-05-29T18:59:23","slug":"inicio","status":"publish","type":"page","link":"https:\/\/silver-sea.com.ar\/en\/","title":{"rendered":"Inicio"},"content":{"rendered":"\n<p>\u00a1Bienvenido a tu sitio! Esta es tu p\u00e1gina de inicio, que es la que la mayor\u00eda de visitantes ver\u00e1n cuando vengan a tu sitio por primera vez.<\/p>\n","protected":false},"excerpt":{"rendered":"<p>\u00a1Bienvenido a tu sitio! Esta es tu p\u00e1gina de inicio, que es la que la mayor\u00eda de visitantes ver\u00e1n cuando vengan a tu sitio por primera vez.<\/p>\n","protected":false},"author":1,"featured_media":0,"parent":0,"menu_order":0,"comment_status":"closed","ping_status":"closed","template":"","meta":{"footnotes":""},"class_list":["post-13","page","type-page","status-publish","hentry","grid-sizer"],"yoast_head":"<!-- This site is optimized with the Yoast SEO plugin v27.4 - https:\/\/yoast.com\/product\/yoast-seo-wordpress\/ -->\n<title>Inicio<\/title>\n<meta name=\"robots\" content=\"noindex, follow, max-snippet:-1, max-image-preview:large, max-video-preview:-1\" \/>\n<meta property=\"og:locale\" content=\"en_US\" \/>\n<meta property=\"og:locale:alternate\" content=\"es_AR\" \/>\n<meta property=\"og:type\" content=\"article\" \/>\n<meta property=\"og:title\" content=\"Inicio\" \/>\n<meta property=\"og:description\" content=\"\u00a1Bienvenido a tu sitio! Esta es tu p\u00e1gina de inicio, que es la que la mayor\u00eda de visitantes ver\u00e1n cuando vengan a tu sitio por primera vez.\" \/>\n<meta property=\"og:url\" content=\"https:\/\/silver-sea.com.ar\/en\/\" \/>\n<meta property=\"og:site_name\" content=\"Silver Sea\" \/>\n<meta property=\"article:modified_time\" content=\"2024-05-29T18:59:23+00:00\" \/>\n<meta name=\"twitter:card\" content=\"summary_large_image\" \/>\n<meta name=\"twitter:label1\" content=\"Est. reading time\" \/>\n\t<meta name=\"twitter:data1\" content=\"1 minute\" \/>\n<script type=\"application\/ld+json\" class=\"yoast-schema-graph\">{\"@context\":\"https:\\\/\\\/schema.org\",\"@graph\":[{\"@type\":\"WebPage\",\"@id\":\"https:\\\/\\\/silver-sea.com.ar\\\/\",\"url\":\"https:\\\/\\\/silver-sea.com.ar\\\/\",\"name\":\"Inicio\",\"isPartOf\":{\"@id\":\"https:\\\/\\\/silver-sea.com.ar\\\/#website\"},\"datePublished\":\"2024-04-24T18:57:40+00:00\",\"dateModified\":\"2024-05-29T18:59:23+00:00\",\"breadcrumb\":{\"@id\":\"https:\\\/\\\/silver-sea.com.ar\\\/#breadcrumb\"},\"inLanguage\":\"en-US\",\"potentialAction\":[{\"@type\":\"ReadAction\",\"target\":[\"https:\\\/\\\/silver-sea.com.ar\\\/\"]}]},{\"@type\":\"BreadcrumbList\",\"@id\":\"https:\\\/\\\/silver-sea.com.ar\\\/#breadcrumb\",\"itemListElement\":[{\"@type\":\"ListItem\",\"position\":1,\"name\":\"Inicio\",\"item\":\"https:\\\/\\\/silver-sea.com.ar\\\/\"},{\"@type\":\"ListItem\",\"position\":2,\"name\":\"Inicio\"}]},{\"@type\":\"WebSite\",\"@id\":\"https:\\\/\\\/silver-sea.com.ar\\\/#website\",\"url\":\"https:\\\/\\\/silver-sea.com.ar\\\/\",\"name\":\"Silver Sea\",\"description\":\"Translation Services\",\"publisher\":{\"@id\":\"https:\\\/\\\/silver-sea.com.ar\\\/#\\\/schema\\\/person\\\/d4bc60b21d4cdadbd6e71280c7c81958\"},\"potentialAction\":[{\"@type\":\"SearchAction\",\"target\":{\"@type\":\"EntryPoint\",\"urlTemplate\":\"https:\\\/\\\/silver-sea.com.ar\\\/?s={search_term_string}\"},\"query-input\":{\"@type\":\"PropertyValueSpecification\",\"valueRequired\":true,\"valueName\":\"search_term_string\"}}],\"inLanguage\":\"en-US\"},{\"@type\":[\"Person\",\"Organization\"],\"@id\":\"https:\\\/\\\/silver-sea.com.ar\\\/#\\\/schema\\\/person\\\/d4bc60b21d4cdadbd6e71280c7c81958\",\"name\":\"admin\",\"image\":{\"@type\":\"ImageObject\",\"inLanguage\":\"en-US\",\"@id\":\"https:\\\/\\\/silver-sea.com.ar\\\/wp-content\\\/uploads\\\/2024\\\/05\\\/es-logo.png\",\"url\":\"https:\\\/\\\/silver-sea.com.ar\\\/wp-content\\\/uploads\\\/2024\\\/05\\\/es-logo.png\",\"contentUrl\":\"https:\\\/\\\/silver-sea.com.ar\\\/wp-content\\\/uploads\\\/2024\\\/05\\\/es-logo.png\",\"width\":1280,\"height\":474,\"caption\":\"admin\"},\"logo\":{\"@id\":\"https:\\\/\\\/silver-sea.com.ar\\\/wp-content\\\/uploads\\\/2024\\\/05\\\/es-logo.png\"},\"sameAs\":[\"https:\\\/\\\/silver-sea.com.ar\"]}]}<\/script>\n<!-- \/ Yoast SEO plugin. -->","yoast_head_json":{"title":"Inicio","robots":{"index":"noindex","follow":"follow","max-snippet":"max-snippet:-1","max-image-preview":"max-image-preview:large","max-video-preview":"max-video-preview:-1"},"og_locale":"en_US","og_type":"article","og_title":"[:es]Inicio[:] - Silver Sea","og_description":"\u00a1Bienvenido a tu sitio! Esta es tu p\u00e1gina de inicio, que es la que la mayor\u00eda de visitantes ver\u00e1n cuando vengan a tu sitio por primera vez.","og_url":"https:\/\/silver-sea.com.ar\/en\/","og_site_name":"Silver Sea","article_modified_time":"2024-05-29T18:59:23+00:00","twitter_card":"summary_large_image","twitter_misc":{"Est. reading time":"1 minute"},"schema":{"@context":"https:\/\/schema.org","@graph":[{"@type":"WebPage","@id":"https:\/\/silver-sea.com.ar\/","url":"https:\/\/silver-sea.com.ar\/","name":"Inicio","isPartOf":{"@id":"https:\/\/silver-sea.com.ar\/#website"},"datePublished":"2024-04-24T18:57:40+00:00","dateModified":"2024-05-29T18:59:23+00:00","breadcrumb":{"@id":"https:\/\/silver-sea.com.ar\/#breadcrumb"},"inLanguage":"en-US","potentialAction":[{"@type":"ReadAction","target":["https:\/\/silver-sea.com.ar\/"]}]},{"@type":"BreadcrumbList","@id":"https:\/\/silver-sea.com.ar\/#breadcrumb","itemListElement":[{"@type":"ListItem","position":1,"name":"Inicio","item":"https:\/\/silver-sea.com.ar\/"},{"@type":"ListItem","position":2,"name":"Inicio"}]},{"@type":"WebSite","@id":"https:\/\/silver-sea.com.ar\/#website","url":"https:\/\/silver-sea.com.ar\/","name":"Silver Sea","description":"Translation Services","publisher":{"@id":"https:\/\/silver-sea.com.ar\/#\/schema\/person\/d4bc60b21d4cdadbd6e71280c7c81958"},"potentialAction":[{"@type":"SearchAction","target":{"@type":"EntryPoint","urlTemplate":"https:\/\/silver-sea.com.ar\/?s={search_term_string}"},"query-input":{"@type":"PropertyValueSpecification","valueRequired":true,"valueName":"search_term_string"}}],"inLanguage":"en-US"},{"@type":["Person","Organization"],"@id":"https:\/\/silver-sea.com.ar\/#\/schema\/person\/d4bc60b21d4cdadbd6e71280c7c81958","name":"admin","image":{"@type":"ImageObject","inLanguage":"en-US","@id":"https:\/\/silver-sea.com.ar\/wp-content\/uploads\/2024\/05\/es-logo.png","url":"https:\/\/silver-sea.com.ar\/wp-content\/uploads\/2024\/05\/es-logo.png","contentUrl":"https:\/\/silver-sea.com.ar\/wp-content\/uploads\/2024\/05\/es-logo.png","width":1280,"height":474,"caption":"admin"},"logo":{"@id":"https:\/\/silver-sea.com.ar\/wp-content\/uploads\/2024\/05\/es-logo.png"},"sameAs":["https:\/\/silver-sea.com.ar"]}]}},"_links":{"self":[{"href":"https:\/\/silver-sea.com.ar\/en\/wp-json\/wp\/v2\/pages\/13","targetHints":{"allow":["GET"]}}],"collection":[{"href":"https:\/\/silver-sea.com.ar\/en\/wp-json\/wp\/v2\/pages"}],"about":[{"href":"https:\/\/silver-sea.com.ar\/en\/wp-json\/wp\/v2\/types\/page"}],"author":[{"embeddable":true,"href":"https:\/\/silver-sea.com.ar\/en\/wp-json\/wp\/v2\/users\/1"}],"replies":[{"embeddable":true,"href":"https:\/\/silver-sea.com.ar\/en\/wp-json\/wp\/v2\/comments?post=13"}],"version-history":[{"count":2,"href":"https:\/\/silver-sea.com.ar\/en\/wp-json\/wp\/v2\/pages\/13\/revisions"}],"predecessor-version":[{"id":132,"href":"https:\/\/silver-sea.com.ar\/en\/wp-json\/wp\/v2\/pages\/13\/revisions\/132"}],"wp:attachment":[{"href":"https:\/\/silver-sea.com.ar\/en\/wp-json\/wp\/v2\/media?parent=13"}],"curies":[{"name":"wp","href":"https:\/\/api.w.org\/{rel}","templated":true}]}}